{"id":1889,"date":"2024-11-29T12:58:03","date_gmt":"2024-11-29T11:58:03","guid":{"rendered":"https:\/\/sweloxx.com\/sweloxx-montageanleitung\/"},"modified":"2026-01-13T10:40:44","modified_gmt":"2026-01-13T09:40:44","slug":"sweloxx-montageanleitung","status":"publish","type":"page","link":"https:\/\/sweloxx.com\/de\/sweloxx-montageanleitung\/","title":{"rendered":"Sweloxx Montageanleitung"},"content":{"rendered":"\n<div class=\"wp-block-uagb-container uagb-block-7626f634 alignfull uagb-is-root-container\"><div class=\"uagb-container-inner-blocks-wrap\">\n<div class=\"wp-block-cover\" style=\"border-radius:10px;margin-top:1rem;margin-bottom:1rem;padding-top:0px;padding-right:0px;padding-bottom:0px;padding-left:0px;box-shadow:var(--wp--preset--shadow--natural);min-height:90px;aspect-ratio:unset;\"><img loading=\"lazy\" decoding=\"async\" width=\"2227\" height=\"1670\" class=\"wp-block-cover__image-background wp-image-904\" alt=\"\" src=\"https:\/\/sweloxx.com\/wp-content\/uploads\/2025\/03\/sweloxx_monterat_bak_vinkel_43.jpg\" style=\"object-position:47% 71%\" data-object-fit=\"cover\" data-object-position=\"47% 71%\" srcset=\"https:\/\/sweloxx.com\/wp-content\/uploads\/2025\/03\/sweloxx_monterat_bak_vinkel_43.jpg 2227w, https:\/\/sweloxx.com\/wp-content\/uploads\/2025\/03\/sweloxx_monterat_bak_vinkel_43-600x450.jpg 600w, https:\/\/sweloxx.com\/wp-content\/uploads\/2025\/03\/sweloxx_monterat_bak_vinkel_43-900x675.jpg 900w, https:\/\/sweloxx.com\/wp-content\/uploads\/2025\/03\/sweloxx_monterat_bak_vinkel_43-300x225.jpg 300w, https:\/\/sweloxx.com\/wp-content\/uploads\/2025\/03\/sweloxx_monterat_bak_vinkel_43-1024x768.jpg 1024w, https:\/\/sweloxx.com\/wp-content\/uploads\/2025\/03\/sweloxx_monterat_bak_vinkel_43-768x576.jpg 768w, https:\/\/sweloxx.com\/wp-content\/uploads\/2025\/03\/sweloxx_monterat_bak_vinkel_43-1536x1152.jpg 1536w, https:\/\/sweloxx.com\/wp-content\/uploads\/2025\/03\/sweloxx_monterat_bak_vinkel_43-2048x1536.jpg 2048w\" sizes=\"auto, (max-width: 2227px) 100vw, 2227px\" \/><span aria-hidden=\"true\" class=\"wp-block-cover__background has-background-dim-60 has-background-dim\" style=\"background-color:#2a2a2a\"><\/span><div class=\"wp-block-cover__inner-container is-layout-flow wp-block-cover-is-layout-flow\">\n<h1 class=\"wp-block-heading has-text-align-center has-ast-global-color-5-color has-text-color has-link-color wp-elements-1d0c3438ef583fd1cdcb132f7c6ed8d4\" style=\"font-size:25px;font-style:normal;font-weight:300\">Montageanleitung f\u00fcr Sweloxx<\/h1>\n<\/div><\/div>\n\n\n\n<div class=\"wp-block-group is-layout-constrained wp-block-group-is-layout-constrained\">\n<div class=\"wp-block-columns is-layout-flex wp-container-core-columns-is-layout-28f84493 wp-block-columns-is-layout-flex\">\n<div class=\"wp-block-column has-ast-global-color-4-background-color has-background is-layout-flow wp-container-core-column-is-layout-651ad987 wp-block-column-is-layout-flow\" style=\"border-style:none;border-width:0px;border-radius:10px;padding-top:1rem;padding-right:var(--wp--preset--spacing--40);padding-bottom:1rem;padding-left:var(--wp--preset--spacing--40);box-shadow:var(--wp--preset--shadow--natural);flex-basis:100%\">\n<p style=\"margin-top:0px;margin-bottom:0px;padding-top:0px;padding-bottom:0px\">In einer Minute fertig und ohne die Notwendigkeit, den Beh\u00e4lter durch Bohren von L\u00f6chern zu zerst\u00f6ren, einfach, schnell, leicht und clever!<\/p>\n\n\n\n<p style=\"margin-top:0px;margin-bottom:0px;padding-top:0px;padding-bottom:0px\">Das schlanke Design des Schlosses erm\u00f6glicht es Ihnen, es auch w\u00e4hrend des Transports zu verwenden, wenn die Container dicht beladen sind. Das Sweloxx Containerschloss bleibt innerhalb der Au\u00dfenma\u00dfe des Containers. <\/p>\n<\/div>\n<\/div>\n\n\n\n<div class=\"wp-block-columns is-layout-flex wp-container-core-columns-is-layout-273b9484 wp-block-columns-is-layout-flex\" style=\"margin-top:2rem;margin-bottom:1rem;padding-top:0px;padding-bottom:0px\">\n<div class=\"wp-block-column is-layout-flow wp-block-column-is-layout-flow\">\n<div class=\"wp-block-cover is-light\" style=\"border-radius:10px;margin-top:0rem;margin-bottom:0rem;box-shadow:var(--wp--preset--shadow--natural);min-height:200px;aspect-ratio:unset;\"><img loading=\"lazy\" decoding=\"async\" width=\"2008\" height=\"1506\" class=\"wp-block-cover__image-background wp-image-919\" alt=\"\" src=\"https:\/\/sweloxx.com\/wp-content\/uploads\/2025\/03\/sweloxx_inne_hakapa_43.jpg\" data-object-fit=\"cover\" srcset=\"https:\/\/sweloxx.com\/wp-content\/uploads\/2025\/03\/sweloxx_inne_hakapa_43.jpg 2008w, https:\/\/sweloxx.com\/wp-content\/uploads\/2025\/03\/sweloxx_inne_hakapa_43-600x450.jpg 600w, https:\/\/sweloxx.com\/wp-content\/uploads\/2025\/03\/sweloxx_inne_hakapa_43-900x675.jpg 900w, https:\/\/sweloxx.com\/wp-content\/uploads\/2025\/03\/sweloxx_inne_hakapa_43-300x225.jpg 300w, https:\/\/sweloxx.com\/wp-content\/uploads\/2025\/03\/sweloxx_inne_hakapa_43-1024x768.jpg 1024w, https:\/\/sweloxx.com\/wp-content\/uploads\/2025\/03\/sweloxx_inne_hakapa_43-768x576.jpg 768w, https:\/\/sweloxx.com\/wp-content\/uploads\/2025\/03\/sweloxx_inne_hakapa_43-1536x1152.jpg 1536w\" sizes=\"auto, (max-width: 2008px) 100vw, 2008px\" \/><span aria-hidden=\"true\" class=\"wp-block-cover__background has-black-background-color has-background-dim-0 has-background-dim\"><\/span><div class=\"wp-block-cover__inner-container is-layout-flow wp-block-cover-is-layout-flow\">\n<p class=\"has-text-align-center has-large-font-size\"><\/p>\n<\/div><\/div>\n<\/div>\n\n\n\n<div class=\"wp-block-column is-layout-flow wp-block-column-is-layout-flow\">\n<div class=\"wp-block-cover is-light\" style=\"border-radius:10px;margin-top:0rem;margin-bottom:0rem;box-shadow:var(--wp--preset--shadow--natural);min-height:200px;aspect-ratio:unset;\"><img loading=\"lazy\" decoding=\"async\" width=\"1626\" height=\"1216\" class=\"wp-block-cover__image-background wp-image-922\" alt=\"\" src=\"https:\/\/sweloxx.com\/wp-content\/uploads\/2025\/03\/sweloxx_inne_fjadring_43-e1741873739856.jpg\" data-object-fit=\"cover\" srcset=\"https:\/\/sweloxx.com\/wp-content\/uploads\/2025\/03\/sweloxx_inne_fjadring_43-e1741873739856.jpg 1626w, https:\/\/sweloxx.com\/wp-content\/uploads\/2025\/03\/sweloxx_inne_fjadring_43-e1741873739856-600x450.jpg 600w, https:\/\/sweloxx.com\/wp-content\/uploads\/2025\/03\/sweloxx_inne_fjadring_43-e1741873739856-900x673.jpg 900w, https:\/\/sweloxx.com\/wp-content\/uploads\/2025\/03\/sweloxx_inne_fjadring_43-e1741873739856-300x224.jpg 300w, https:\/\/sweloxx.com\/wp-content\/uploads\/2025\/03\/sweloxx_inne_fjadring_43-e1741873739856-1024x766.jpg 1024w, https:\/\/sweloxx.com\/wp-content\/uploads\/2025\/03\/sweloxx_inne_fjadring_43-e1741873739856-768x574.jpg 768w, https:\/\/sweloxx.com\/wp-content\/uploads\/2025\/03\/sweloxx_inne_fjadring_43-e1741873739856-1536x1149.jpg 1536w\" sizes=\"auto, (max-width: 1626px) 100vw, 1626px\" \/><span aria-hidden=\"true\" class=\"wp-block-cover__background has-black-background-color has-background-dim-0 has-background-dim\"><\/span><div class=\"wp-block-cover__inner-container is-layout-flow wp-block-cover-is-layout-flow\">\n<p class=\"has-text-align-center has-large-font-size\"><\/p>\n<\/div><\/div>\n<\/div>\n\n\n\n<div class=\"wp-block-column is-layout-flow wp-block-column-is-layout-flow\">\n<div class=\"wp-block-cover is-light\" style=\"border-radius:10px;margin-top:0rem;margin-bottom:0rem;box-shadow:var(--wp--preset--shadow--natural);min-height:200px;aspect-ratio:unset;\"><img loading=\"lazy\" decoding=\"async\" width=\"1494\" height=\"1120\" class=\"wp-block-cover__image-background wp-image-926\" alt=\"\" src=\"https:\/\/sweloxx.com\/wp-content\/uploads\/2025\/03\/sweloxx_sprint_43-e1741873722114.jpg\" data-object-fit=\"cover\" srcset=\"https:\/\/sweloxx.com\/wp-content\/uploads\/2025\/03\/sweloxx_sprint_43-e1741873722114.jpg 1494w, https:\/\/sweloxx.com\/wp-content\/uploads\/2025\/03\/sweloxx_sprint_43-e1741873722114-600x450.jpg 600w, https:\/\/sweloxx.com\/wp-content\/uploads\/2025\/03\/sweloxx_sprint_43-e1741873722114-900x675.jpg 900w, https:\/\/sweloxx.com\/wp-content\/uploads\/2025\/03\/sweloxx_sprint_43-e1741873722114-300x225.jpg 300w, https:\/\/sweloxx.com\/wp-content\/uploads\/2025\/03\/sweloxx_sprint_43-e1741873722114-1024x768.jpg 1024w, https:\/\/sweloxx.com\/wp-content\/uploads\/2025\/03\/sweloxx_sprint_43-e1741873722114-768x576.jpg 768w\" sizes=\"auto, (max-width: 1494px) 100vw, 1494px\" \/><span aria-hidden=\"true\" class=\"wp-block-cover__background has-black-background-color has-background-dim-0 has-background-dim\"><\/span><div class=\"wp-block-cover__inner-container is-layout-flow wp-block-cover-is-layout-flow\">\n<p class=\"has-text-align-center has-large-font-size\"><\/p>\n<\/div><\/div>\n<\/div>\n<\/div>\n\n\n\n<div class=\"wp-block-columns is-layout-flex wp-container-core-columns-is-layout-28f84493 wp-block-columns-is-layout-flex\">\n<div class=\"wp-block-column has-ast-global-color-4-background-color has-background is-layout-flow wp-container-core-column-is-layout-651ad987 wp-block-column-is-layout-flow\" style=\"border-style:none;border-width:0px;border-radius:10px;padding-top:1rem;padding-right:var(--wp--preset--spacing--40);padding-bottom:1rem;padding-left:var(--wp--preset--spacing--40);box-shadow:var(--wp--preset--shadow--natural);flex-basis:100%\">\n<p style=\"margin-top:0px;margin-bottom:0px;padding-top:0px;padding-bottom:0px\">\u00d6ffnen Sie die rechte T\u00fcr des Containers und treten Sie ein. Ziehen Sie den Sicherungsstift heraus. Bringen Sie das Innenteil an der Innenseite der linken T\u00fcr an, indem Sie den federnden Teil herausziehen und die Einheit von au\u00dfen \u00fcber den T\u00fcrbalken f\u00e4deln. Lassen Sie den federnden Teil los und setzen Sie den Sicherungsstift ein.   <\/p>\n<\/div>\n<\/div>\n\n\n\n<div class=\"wp-block-columns is-layout-flex wp-container-core-columns-is-layout-273b9484 wp-block-columns-is-layout-flex\" style=\"margin-top:2rem;margin-bottom:1rem;padding-top:0px;padding-bottom:0px\">\n<div class=\"wp-block-column is-layout-flow wp-block-column-is-layout-flow\">\n<div class=\"wp-block-cover is-light\" style=\"border-radius:10px;margin-top:0rem;margin-bottom:0rem;box-shadow:var(--wp--preset--shadow--natural);min-height:200px;aspect-ratio:unset;\"><img loading=\"lazy\" decoding=\"async\" width=\"2103\" height=\"1578\" class=\"wp-block-cover__image-background wp-image-928\" alt=\"\" src=\"https:\/\/sweloxx.com\/wp-content\/uploads\/2025\/03\/sweloxx_pamebygel_43-1.jpg\" data-object-fit=\"cover\" srcset=\"https:\/\/sweloxx.com\/wp-content\/uploads\/2025\/03\/sweloxx_pamebygel_43-1.jpg 2103w, https:\/\/sweloxx.com\/wp-content\/uploads\/2025\/03\/sweloxx_pamebygel_43-1-600x450.jpg 600w, https:\/\/sweloxx.com\/wp-content\/uploads\/2025\/03\/sweloxx_pamebygel_43-1-900x675.jpg 900w, https:\/\/sweloxx.com\/wp-content\/uploads\/2025\/03\/sweloxx_pamebygel_43-1-300x225.jpg 300w, https:\/\/sweloxx.com\/wp-content\/uploads\/2025\/03\/sweloxx_pamebygel_43-1-1024x768.jpg 1024w, https:\/\/sweloxx.com\/wp-content\/uploads\/2025\/03\/sweloxx_pamebygel_43-1-768x576.jpg 768w, https:\/\/sweloxx.com\/wp-content\/uploads\/2025\/03\/sweloxx_pamebygel_43-1-1536x1153.jpg 1536w, https:\/\/sweloxx.com\/wp-content\/uploads\/2025\/03\/sweloxx_pamebygel_43-1-2048x1537.jpg 2048w\" sizes=\"auto, (max-width: 2103px) 100vw, 2103px\" \/><span aria-hidden=\"true\" class=\"wp-block-cover__background has-black-background-color has-background-dim-0 has-background-dim\"><\/span><div class=\"wp-block-cover__inner-container is-layout-flow wp-block-cover-is-layout-flow\">\n<p class=\"has-text-align-center has-large-font-size\"><\/p>\n<\/div><\/div>\n<\/div>\n\n\n\n<div class=\"wp-block-column is-layout-flow wp-block-column-is-layout-flow\">\n<div class=\"wp-block-cover\" style=\"border-radius:10px;margin-top:0rem;margin-bottom:0rem;box-shadow:var(--wp--preset--shadow--natural);min-height:200px;aspect-ratio:unset;\"><img loading=\"lazy\" decoding=\"async\" width=\"2184\" height=\"1638\" class=\"wp-block-cover__image-background wp-image-930\" alt=\"\" src=\"https:\/\/sweloxx.com\/wp-content\/uploads\/2025\/03\/sweloxx_hangpa_43-1.jpg\" data-object-fit=\"cover\" srcset=\"https:\/\/sweloxx.com\/wp-content\/uploads\/2025\/03\/sweloxx_hangpa_43-1.jpg 2184w, https:\/\/sweloxx.com\/wp-content\/uploads\/2025\/03\/sweloxx_hangpa_43-1-600x450.jpg 600w, https:\/\/sweloxx.com\/wp-content\/uploads\/2025\/03\/sweloxx_hangpa_43-1-900x675.jpg 900w, https:\/\/sweloxx.com\/wp-content\/uploads\/2025\/03\/sweloxx_hangpa_43-1-300x225.jpg 300w, https:\/\/sweloxx.com\/wp-content\/uploads\/2025\/03\/sweloxx_hangpa_43-1-1024x768.jpg 1024w, https:\/\/sweloxx.com\/wp-content\/uploads\/2025\/03\/sweloxx_hangpa_43-1-768x576.jpg 768w, https:\/\/sweloxx.com\/wp-content\/uploads\/2025\/03\/sweloxx_hangpa_43-1-1536x1152.jpg 1536w, https:\/\/sweloxx.com\/wp-content\/uploads\/2025\/03\/sweloxx_hangpa_43-1-2048x1536.jpg 2048w\" sizes=\"auto, (max-width: 2184px) 100vw, 2184px\" \/><span aria-hidden=\"true\" class=\"wp-block-cover__background has-black-background-color has-background-dim-0 has-background-dim\"><\/span><div class=\"wp-block-cover__inner-container is-layout-flow wp-block-cover-is-layout-flow\">\n<p class=\"has-text-align-center has-large-font-size\"><\/p>\n<\/div><\/div>\n<\/div>\n\n\n\n<div class=\"wp-block-column is-layout-flow wp-block-column-is-layout-flow\">\n<div class=\"wp-block-cover is-light\" style=\"border-radius:10px;margin-top:0rem;margin-bottom:0rem;box-shadow:var(--wp--preset--shadow--natural);min-height:200px;aspect-ratio:unset;\"><img loading=\"lazy\" decoding=\"async\" width=\"2102\" height=\"1576\" class=\"wp-block-cover__image-background wp-image-932\" alt=\"\" src=\"https:\/\/sweloxx.com\/wp-content\/uploads\/2025\/03\/sweloxx_monterat_front_43-1.jpg\" data-object-fit=\"cover\" srcset=\"https:\/\/sweloxx.com\/wp-content\/uploads\/2025\/03\/sweloxx_monterat_front_43-1.jpg 2102w, https:\/\/sweloxx.com\/wp-content\/uploads\/2025\/03\/sweloxx_monterat_front_43-1-600x450.jpg 600w, https:\/\/sweloxx.com\/wp-content\/uploads\/2025\/03\/sweloxx_monterat_front_43-1-900x675.jpg 900w, https:\/\/sweloxx.com\/wp-content\/uploads\/2025\/03\/sweloxx_monterat_front_43-1-300x225.jpg 300w, https:\/\/sweloxx.com\/wp-content\/uploads\/2025\/03\/sweloxx_monterat_front_43-1-1024x768.jpg 1024w, https:\/\/sweloxx.com\/wp-content\/uploads\/2025\/03\/sweloxx_monterat_front_43-1-768x576.jpg 768w, https:\/\/sweloxx.com\/wp-content\/uploads\/2025\/03\/sweloxx_monterat_front_43-1-1536x1152.jpg 1536w, https:\/\/sweloxx.com\/wp-content\/uploads\/2025\/03\/sweloxx_monterat_front_43-1-2048x1536.jpg 2048w\" sizes=\"auto, (max-width: 2102px) 100vw, 2102px\" \/><span aria-hidden=\"true\" class=\"wp-block-cover__background has-black-background-color has-background-dim-0 has-background-dim\"><\/span><div class=\"wp-block-cover__inner-container is-layout-flow wp-block-cover-is-layout-flow\">\n<p class=\"has-text-align-center has-large-font-size\"><\/p>\n<\/div><\/div>\n<\/div>\n<\/div>\n\n\n\n<div class=\"wp-block-columns is-layout-flex wp-container-core-columns-is-layout-28f84493 wp-block-columns-is-layout-flex\">\n<div class=\"wp-block-column has-ast-global-color-4-background-color has-background is-layout-flow wp-container-core-column-is-layout-651ad987 wp-block-column-is-layout-flow\" style=\"border-style:none;border-width:0px;border-radius:10px;padding-top:1rem;padding-right:var(--wp--preset--spacing--40);padding-bottom:1rem;padding-left:var(--wp--preset--spacing--40);box-shadow:var(--wp--preset--shadow--natural);flex-basis:100%\">\n<p style=\"margin-top:0px;margin-bottom:0px;padding-top:0px;padding-bottom:0px\">Bringen Sie die Schlossabdeckung an, indem Sie die vorstehende Biegung unter das rechte Schlossrohr der linken T\u00fcr schieben und dann die Abdeckung \u00fcber die Verriegelungsschlaufe dr\u00fccken. F\u00fchren Sie nun das Vorh\u00e4ngeschloss durch die Verriegelungsschlaufe im Inneren der Schlossabdeckung und schlie\u00dfen Sie es ab. <\/p>\n<\/div>\n<\/div>\n<\/div>\n<\/div><\/div>\n\n<p><\/p>\n","protected":false},"excerpt":{"rendered":"<p>In einer Minute fertig und ohne die Notwendigkeit, den Beh\u00e4lter durch Bohren von L\u00f6chern zu zerst\u00f6ren, einfach, schnell, leicht und [&hellip;]<\/p>\n","protected":false},"author":3,"featured_media":0,"parent":0,"menu_order":0,"comment_status":"closed","ping_status":"closed","template":"","meta":{"_uag_custom_page_level_css":"","site-sidebar-layout":"default","site-content-layout":"","ast-site-content-layout":"default","site-content-style":"default","site-sidebar-style":"default","ast-global-header-display":"","ast-banner-title-visibility":"","ast-main-header-display":"","ast-hfb-above-header-display":"","ast-hfb-below-header-display":"","ast-hfb-mobile-header-display":"","site-post-title":"","ast-breadcrumbs-content":"","ast-featured-img":"","footer-sml-layout":"","ast-disable-related-posts":"","theme-transparent-header-meta":"","adv-header-id-meta":"","stick-header-meta":"","header-above-stick-meta":"","header-main-stick-meta":"","header-below-stick-meta":"","astra-migrate-meta-layouts":"default","ast-page-background-enabled":"default","ast-page-background-meta":{"desktop":{"background-color":"var(--ast-global-color-4)","background-image":"","background-repeat":"repeat","background-position":"center center","background-size":"auto","background-attachment":"scroll","background-type":"","background-media":"","overlay-type":"","overlay-color":"","overlay-opacity":"","overlay-gradient":""},"tablet":{"background-color":"","background-image":"","background-repeat":"repeat","background-position":"center center","background-size":"auto","background-attachment":"scroll","background-type":"","background-media":"","overlay-type":"","overlay-color":"","overlay-opacity":"","overlay-gradient":""},"mobile":{"background-color":"","background-image":"","background-repeat":"repeat","background-position":"center center","background-size":"auto","background-attachment":"scroll","background-type":"","background-media":"","overlay-type":"","overlay-color":"","overlay-opacity":"","overlay-gradient":""}},"ast-content-background-meta":{"desktop":{"background-color":"var(--ast-global-color-5)","background-image":"","background-repeat":"repeat","background-position":"center center","background-size":"auto","background-attachment":"scroll","background-type":"","background-media":"","overlay-type":"","overlay-color":"","overlay-opacity":"","overlay-gradient":""},"tablet":{"background-color":"var(--ast-global-color-5)","background-image":"","background-repeat":"repeat","background-position":"center center","background-size":"auto","background-attachment":"scroll","background-type":"","background-media":"","overlay-type":"","overlay-color":"","overlay-opacity":"","overlay-gradient":""},"mobile":{"background-color":"var(--ast-global-color-5)","background-image":"","background-repeat":"repeat","background-position":"center center","background-size":"auto","background-attachment":"scroll","background-type":"","background-media":"","overlay-type":"","overlay-color":"","overlay-opacity":"","overlay-gradient":""}},"footnotes":""},"class_list":["post-1889","page","type-page","status-publish","hentry"],"aioseo_notices":[],"spectra_custom_meta":{"_wpml_media_duplicate":["1"],"_wpml_media_featured":["1"],"_last_translation_edit_mode":["translation-editor"],"_wpml_word_count":["184"],"_uag_css_file_name":["uag-css-1889.css"],"_uag_page_assets":["a:9:{s:3:\"css\";s:2433:\".wp-block-uagb-container.uagb-block-7626f634 .uagb-container__shape-top svg{width: calc( 100% + 1.3px );}.wp-block-uagb-container.uagb-block-7626f634 .uagb-container__shape.uagb-container__shape-top .uagb-container__shape-fill{fill: rgba(51,51,51,1);}.wp-block-uagb-container.uagb-block-7626f634 .uagb-container__shape-bottom svg{width: calc( 100% + 1.3px );}.wp-block-uagb-container.uagb-block-7626f634 .uagb-container__shape.uagb-container__shape-bottom .uagb-container__shape-fill{fill: rgba(51,51,51,1);}.wp-block-uagb-container.uagb-block-7626f634 .uagb-container__video-wrap video{opacity: 1;}.wp-block-uagb-container.uagb-is-root-container .uagb-block-7626f634{max-width: 100%;width: 100%;}.wp-block-uagb-container.uagb-is-root-container.alignfull.uagb-block-7626f634 > .uagb-container-inner-blocks-wrap{--inner-content-custom-width: min( 100%, 1200px);max-width: var(--inner-content-custom-width);width: 100%;flex-direction: column;align-items: center;justify-content: center;flex-wrap: nowrap;row-gap: 20px;column-gap: 20px;}.wp-block-uagb-container.uagb-block-7626f634{box-shadow: 0px 0px   #00000070 ;padding-top: 10px;padding-bottom: 10px;padding-left: 10px;padding-right: 10px;margin-top:  !important;margin-bottom:  !important;overflow: visible;order: initial;border-color: inherit;row-gap: 20px;column-gap: 20px;}@media only screen and (max-width: 976px) {.wp-block-uagb-container.uagb-is-root-container .uagb-block-7626f634{width: 100%;}.wp-block-uagb-container.uagb-is-root-container.alignfull.uagb-block-7626f634 > .uagb-container-inner-blocks-wrap{--inner-content-custom-width: min( 100%, 1024px);max-width: var(--inner-content-custom-width);width: 100%;}.wp-block-uagb-container.uagb-block-7626f634{padding-top: 10px;padding-bottom: 10px;padding-left: 10px;padding-right: 10px;margin-top:  !important;margin-bottom:  !important;order: initial;}}@media only screen and (max-width: 767px) {.wp-block-uagb-container.uagb-is-root-container .uagb-block-7626f634{max-width: 100%;width: 100%;}.wp-block-uagb-container.uagb-is-root-container.alignfull.uagb-block-7626f634 > .uagb-container-inner-blocks-wrap{--inner-content-custom-width: min( 100%, 767px);max-width: var(--inner-content-custom-width);width: 100%;flex-wrap: wrap;}.wp-block-uagb-container.uagb-block-7626f634{padding-top: 10px;padding-bottom: 10px;padding-left: 10px;padding-right: 10px;margin-top:  !important;margin-bottom:  !important;order: initial;}}\";s:2:\"js\";s:0:\"\";s:18:\"current_block_list\";a:14:{i:0;s:14:\"uagb\/container\";i:1;s:10:\"core\/cover\";i:2;s:12:\"core\/heading\";i:3;s:10:\"core\/group\";i:4;s:12:\"core\/columns\";i:5;s:11:\"core\/column\";i:6;s:14:\"core\/paragraph\";i:7;s:11:\"core\/search\";i:8;s:17:\"core\/latest-posts\";i:9;s:20:\"core\/latest-comments\";i:10;s:13:\"core\/archives\";i:11;s:15:\"core\/categories\";i:12;s:9:\"core\/list\";i:13;s:14:\"core\/list-item\";}s:8:\"uag_flag\";b:1;s:11:\"uag_version\";s:10:\"1776333001\";s:6:\"gfonts\";a:0:{}s:10:\"gfonts_url\";s:0:\"\";s:12:\"gfonts_files\";a:0:{}s:14:\"uag_faq_layout\";b:0;}"]},"uagb_featured_image_src":{"full":false,"thumbnail":false,"medium":false,"medium_large":false,"large":false,"1536x1536":false,"2048x2048":false,"woocommerce_thumbnail":false,"woocommerce_single":false,"woocommerce_gallery_thumbnail":false},"uagb_author_info":{"display_name":"Alex","author_link":"https:\/\/sweloxx.com\/de\/author\/alex\/"},"uagb_comment_info":0,"uagb_excerpt":"In einer Minute fertig und ohne die Notwendigkeit, den Beh\u00e4lter durch Bohren von L\u00f6chern zu zerst\u00f6ren, einfach, schnell, leicht und [&hellip;]","_links":{"self":[{"href":"https:\/\/sweloxx.com\/de\/wp-json\/wp\/v2\/pages\/1889","targetHints":{"allow":["GET"]}}],"collection":[{"href":"https:\/\/sweloxx.com\/de\/wp-json\/wp\/v2\/pages"}],"about":[{"href":"https:\/\/sweloxx.com\/de\/wp-json\/wp\/v2\/types\/page"}],"author":[{"embeddable":true,"href":"https:\/\/sweloxx.com\/de\/wp-json\/wp\/v2\/users\/3"}],"replies":[{"embeddable":true,"href":"https:\/\/sweloxx.com\/de\/wp-json\/wp\/v2\/comments?post=1889"}],"version-history":[{"count":2,"href":"https:\/\/sweloxx.com\/de\/wp-json\/wp\/v2\/pages\/1889\/revisions"}],"predecessor-version":[{"id":1907,"href":"https:\/\/sweloxx.com\/de\/wp-json\/wp\/v2\/pages\/1889\/revisions\/1907"}],"wp:attachment":[{"href":"https:\/\/sweloxx.com\/de\/wp-json\/wp\/v2\/media?parent=1889"}],"curies":[{"name":"wp","href":"https:\/\/api.w.org\/{rel}","templated":true}]}}