{"id":1916,"date":"2024-11-15T13:50:25","date_gmt":"2024-11-15T12:50:25","guid":{"rendered":"https:\/\/sweloxx.com\/amloxx\/"},"modified":"2026-01-13T11:06:14","modified_gmt":"2026-01-13T10:06:14","slug":"amloxx","status":"publish","type":"page","link":"https:\/\/sweloxx.com\/de\/amloxx\/","title":{"rendered":"AmLoxx"},"content":{"rendered":"\n<div class=\"wp-block-uagb-container uagb-block-7626f634 alignfull uagb-is-root-container\"><div class=\"uagb-container-inner-blocks-wrap\">\n<div class=\"wp-block-cover\" style=\"border-radius:10px;margin-top:1rem;margin-bottom:1rem;padding-top:0px;padding-right:0px;padding-bottom:0px;padding-left:0px;box-shadow:var(--wp--preset--shadow--natural);min-height:90px;aspect-ratio:unset;\"><img loading=\"lazy\" decoding=\"async\" width=\"800\" height=\"600\" class=\"wp-block-cover__image-background wp-image-412 size-full\" alt=\"\" src=\"https:\/\/sweloxx.com\/wp-content\/uploads\/2024\/11\/09.jpg\" style=\"object-position:50% 42%\" data-object-fit=\"cover\" data-object-position=\"50% 42%\" srcset=\"https:\/\/sweloxx.com\/wp-content\/uploads\/2024\/11\/09.jpg 800w, https:\/\/sweloxx.com\/wp-content\/uploads\/2024\/11\/09-600x450.jpg 600w, https:\/\/sweloxx.com\/wp-content\/uploads\/2024\/11\/09-300x225.jpg 300w, https:\/\/sweloxx.com\/wp-content\/uploads\/2024\/11\/09-768x576.jpg 768w\" sizes=\"auto, (max-width: 800px) 100vw, 800px\" \/><span aria-hidden=\"true\" class=\"wp-block-cover__background has-black-background-color has-background-dim\"><\/span><div class=\"wp-block-cover__inner-container is-layout-flow wp-block-cover-is-layout-flow\">\n<h1 class=\"wp-block-heading has-text-align-center has-ast-global-color-5-color has-text-color has-link-color wp-elements-1d26917877af36cac33093baaab8555f\" style=\"margin-top:10px;margin-right:0;margin-bottom:0px;margin-left:0;padding-top:0px;padding-right:10px;padding-bottom:0px;padding-left:10px;font-size:25px;font-style:normal;font-weight:300;letter-spacing:0px;line-height:1.4\">Amloxx Container-Schloss<\/h1>\n\n\n\n<h2 class=\"wp-block-heading has-text-align-center has-ast-global-color-5-color has-text-color has-link-color wp-elements-f86357fc6e4954bb851256236d512a7f\" style=\"margin-top:0px;margin-right:0;margin-bottom:10px;margin-left:0;padding-top:0px;padding-right:10px;padding-bottom:0px;padding-left:10px;font-size:20px;font-style:normal;font-weight:200;letter-spacing:0px;line-height:1.4\">Maximale Sicherheit f\u00fcr Transport und Lagerung<\/h2>\n<\/div><\/div>\n\n\n\n<div class=\"wp-block-columns is-layout-flex wp-container-core-columns-is-layout-28f84493 wp-block-columns-is-layout-flex\">\n<div class=\"wp-block-column is-layout-flow wp-block-column-is-layout-flow\">\n<div class=\"wp-block-group is-content-justification-center is-nowrap is-layout-flex wp-container-core-group-is-layout-23441af8 wp-block-group-is-layout-flex\" style=\"border-radius:10px;box-shadow:var(--wp--preset--shadow--natural)\">\n<p class=\"has-text-align-center no-decoration has-black-color has-text-color has-link-color wp-elements-aa68a3a21e5b274ea763ce856fdbdca3\" style=\"margin-top:var(--wp--preset--spacing--20);margin-right:var(--wp--preset--spacing--20);margin-bottom:var(--wp--preset--spacing--20);margin-left:var(--wp--preset--spacing--20);padding-top:var(--wp--preset--spacing--20);padding-right:var(--wp--preset--spacing--20);padding-bottom:var(--wp--preset--spacing--20);padding-left:var(--wp--preset--spacing--20);letter-spacing:0.5px\"><a href=\"https:\/\/sweloxx.com\/de\/amloxx-montageanleitung\/\" title=\"\">Montageanleitung<\/a><\/p>\n<\/div>\n<\/div>\n<\/div>\n\n\n\n<p style=\"margin-bottom:0px;padding-right:1rem;padding-left:1rem;font-size:18px;font-style:normal;font-weight:400;letter-spacing:1px;line-height:1.4\">Amloxx ist ein patentiertes Containerschloss, das den bestm\u00f6glichen Einbruchsschutz f\u00fcr Ihre Container bietet, ganz gleich, ob sie auf der Stra\u00dfe, an Land oder auf See unterwegs sind oder als station\u00e4re Lagereinrichtungen wie Lagerhallen und Unterst\u00e4nde f\u00fcr hochwertige, diebstahlgef\u00e4hrdete G\u00fcter genutzt werden. Mit diesem intelligenten und sicheren Schloss k\u00f6nnen Sie sicher sein, dass keine unbefugte Person auf Ihre Waren zugreifen kann.<\/p>\n\n\n\n<div class=\"wp-block-columns is-layout-flex wp-container-core-columns-is-layout-1569976b wp-block-columns-is-layout-flex\" style=\"margin-top:2rem;margin-bottom:var(--wp--preset--spacing--40);padding-top:0px;padding-right:0px;padding-bottom:0px;padding-left:0px\">\n<div class=\"wp-block-column is-layout-flow wp-block-column-is-layout-flow\">\n<div class=\"wp-block-cover\" style=\"border-radius:10px;margin-top:0rem;margin-bottom:0rem;box-shadow:var(--wp--preset--shadow--natural);min-height:200px;aspect-ratio:unset;\"><img loading=\"lazy\" decoding=\"async\" width=\"800\" height=\"600\" class=\"wp-block-cover__image-background wp-image-412 size-full\" alt=\"\" src=\"https:\/\/sweloxx.com\/wp-content\/uploads\/2024\/11\/09.jpg\" data-object-fit=\"cover\" srcset=\"https:\/\/sweloxx.com\/wp-content\/uploads\/2024\/11\/09.jpg 800w, https:\/\/sweloxx.com\/wp-content\/uploads\/2024\/11\/09-600x450.jpg 600w, https:\/\/sweloxx.com\/wp-content\/uploads\/2024\/11\/09-300x225.jpg 300w, https:\/\/sweloxx.com\/wp-content\/uploads\/2024\/11\/09-768x576.jpg 768w\" sizes=\"auto, (max-width: 800px) 100vw, 800px\" \/><span aria-hidden=\"true\" class=\"wp-block-cover__background has-black-background-color has-background-dim-0 has-background-dim\"><\/span><div class=\"wp-block-cover__inner-container is-layout-flow wp-block-cover-is-layout-flow\">\n<p class=\"has-text-align-center has-large-font-size\"><\/p>\n<\/div><\/div>\n<\/div>\n\n\n\n<div class=\"wp-block-column is-layout-flow wp-block-column-is-layout-flow\">\n<div class=\"wp-block-cover\" style=\"border-radius:10px;margin-top:0rem;margin-bottom:0rem;box-shadow:var(--wp--preset--shadow--natural);min-height:200px;aspect-ratio:unset;\"><img loading=\"lazy\" decoding=\"async\" width=\"800\" height=\"600\" class=\"wp-block-cover__image-background wp-image-421 size-full\" alt=\"\" src=\"https:\/\/sweloxx.com\/wp-content\/uploads\/2024\/11\/06.jpg\" style=\"object-position:50% 0%\" data-object-fit=\"cover\" data-object-position=\"50% 0%\" srcset=\"https:\/\/sweloxx.com\/wp-content\/uploads\/2024\/11\/06.jpg 800w, https:\/\/sweloxx.com\/wp-content\/uploads\/2024\/11\/06-600x450.jpg 600w, https:\/\/sweloxx.com\/wp-content\/uploads\/2024\/11\/06-300x225.jpg 300w, https:\/\/sweloxx.com\/wp-content\/uploads\/2024\/11\/06-768x576.jpg 768w\" sizes=\"auto, (max-width: 800px) 100vw, 800px\" \/><span aria-hidden=\"true\" class=\"wp-block-cover__background has-black-background-color has-background-dim-0 has-background-dim\"><\/span><div class=\"wp-block-cover__inner-container is-layout-flow wp-block-cover-is-layout-flow\">\n<p class=\"has-text-align-center has-large-font-size\"><\/p>\n<\/div><\/div>\n<\/div>\n\n\n\n<div class=\"wp-block-column is-layout-flow wp-block-column-is-layout-flow\">\n<div class=\"wp-block-cover is-light\" style=\"border-radius:10px;margin-top:0rem;margin-bottom:0rem;box-shadow:var(--wp--preset--shadow--natural);min-height:200px;aspect-ratio:unset;\"><img loading=\"lazy\" decoding=\"async\" width=\"800\" height=\"600\" class=\"wp-block-cover__image-background wp-image-423 size-full\" alt=\"\" src=\"https:\/\/sweloxx.com\/wp-content\/uploads\/2024\/11\/02.jpg\" style=\"object-position:100% 100%\" data-object-fit=\"cover\" data-object-position=\"100% 100%\" srcset=\"https:\/\/sweloxx.com\/wp-content\/uploads\/2024\/11\/02.jpg 800w, https:\/\/sweloxx.com\/wp-content\/uploads\/2024\/11\/02-600x450.jpg 600w, https:\/\/sweloxx.com\/wp-content\/uploads\/2024\/11\/02-300x225.jpg 300w, https:\/\/sweloxx.com\/wp-content\/uploads\/2024\/11\/02-768x576.jpg 768w\" sizes=\"auto, (max-width: 800px) 100vw, 800px\" \/><span aria-hidden=\"true\" class=\"wp-block-cover__background has-black-background-color has-background-dim-0 has-background-dim\"><\/span><div class=\"wp-block-cover__inner-container is-layout-flow wp-block-cover-is-layout-flow\">\n<p class=\"has-text-align-center has-large-font-size\"><\/p>\n<\/div><\/div>\n<\/div>\n<\/div>\n\n\n\n<h3 class=\"wp-block-heading\" style=\"margin-top:0rem;margin-bottom:0;padding-top:0;padding-right:1rem;padding-bottom:0;padding-left:1rem;font-size:24px;font-style:normal;font-weight:400;letter-spacing:1px;line-height:1.5\">Wesentliche Merkmale<\/h3>\n\n\n\n<div class=\"wp-block-group is-layout-constrained wp-block-group-is-layout-constrained\">\n<div class=\"wp-block-columns is-layout-flex wp-container-core-columns-is-layout-28f84493 wp-block-columns-is-layout-flex\">\n<div class=\"wp-block-column has-ast-global-color-4-background-color has-background is-layout-flow wp-container-core-column-is-layout-651ad987 wp-block-column-is-layout-flow\" style=\"border-style:none;border-width:0px;border-radius:10px;padding-top:1rem;padding-right:var(--wp--preset--spacing--40);padding-bottom:1rem;padding-left:var(--wp--preset--spacing--40);box-shadow:var(--wp--preset--shadow--natural);flex-basis:100%\">\n<p style=\"margin-top:0px;margin-bottom:0px;padding-top:0px;padding-bottom:0px\"><strong>Einfache Montage ohne Besch\u00e4digung<\/strong><\/p>\n\n\n\n<p style=\"margin-top:0px;margin-bottom:0px;padding-top:0px;padding-bottom:0px\">Amloxx passt in die Au\u00dfenma\u00dfe des Containers und l\u00e4sst sich leicht von Hand installieren, ohne dass Werkzeuge, wie Bohren und Schwei\u00dfen oder andere Eingriffe, erforderlich sind. Innerhalb von Sekunden ist das Schloss angebracht, ohne dass der Container besch\u00e4digt wird oder Installationskosten entstehen.<\/p>\n<\/div>\n<\/div>\n\n\n\n<div class=\"wp-block-columns is-layout-flex wp-container-core-columns-is-layout-28f84493 wp-block-columns-is-layout-flex\">\n<div class=\"wp-block-column has-ast-global-color-4-background-color has-background is-layout-flow wp-container-core-column-is-layout-651ad987 wp-block-column-is-layout-flow\" style=\"border-style:none;border-width:0px;border-radius:10px;padding-top:1rem;padding-right:var(--wp--preset--spacing--40);padding-bottom:1rem;padding-left:var(--wp--preset--spacing--40);box-shadow:var(--wp--preset--shadow--natural);flex-basis:100%\">\n<p style=\"margin-top:0px;margin-bottom:0px;padding-top:0px;padding-bottom:0px\"><strong><strong>Einzigartiges Design f\u00fcr zus\u00e4tzliche Sicherheit<\/strong><\/strong><\/p>\n\n\n\n<p style=\"margin-top:0px;margin-bottom:0px;padding-top:0px;padding-bottom:0px\">Das patentierte Design von Amloxx bedeutet, dass der Ausleger an der Innenseite des Containers sitzt, so dass er nicht von au\u00dfen manipuliert werden kann, wenn der Container verschlossen ist.<\/p>\n<\/div>\n<\/div>\n\n\n\n<div class=\"wp-block-columns is-layout-flex wp-container-core-columns-is-layout-28f84493 wp-block-columns-is-layout-flex\">\n<div class=\"wp-block-column has-ast-global-color-4-background-color has-background is-layout-flow wp-container-core-column-is-layout-651ad987 wp-block-column-is-layout-flow\" style=\"border-style:none;border-width:0px;border-radius:10px;padding-top:1rem;padding-right:var(--wp--preset--spacing--40);padding-bottom:1rem;padding-left:var(--wp--preset--spacing--40);box-shadow:var(--wp--preset--shadow--natural);flex-basis:100%\">\n<p style=\"margin-top:0px;margin-bottom:0px;padding-top:0px;padding-bottom:0px\"><strong><strong><strong>Zertifizierte Nachhaltigkeit<\/strong><\/strong><\/strong><\/p>\n\n\n\n<p style=\"margin-top:0px;margin-bottom:0px;padding-top:0px;padding-bottom:0px\">Amloxx ist ein Produkt, das in Schweden aus verst\u00e4rktem Premiumstahl in Zusammenarbeit mit einem ISO- und EN-zertifizierten Lieferanten hergestellt wird. Das Schloss ist nach der Sicherheitsstufe Klasse 4 \/ EN 12320 Grad 5 \/ Code Red von Vds in Deutschland zertifiziert, was der Sicherheitsklasse 3 in Schweden entspricht.<\/p>\n<\/div>\n<\/div>\n\n\n\n<div class=\"wp-block-columns is-layout-flex wp-container-core-columns-is-layout-28f84493 wp-block-columns-is-layout-flex\">\n<div class=\"wp-block-column has-ast-global-color-4-background-color has-background is-layout-flow wp-container-core-column-is-layout-651ad987 wp-block-column-is-layout-flow\" style=\"border-style:none;border-width:0px;border-radius:10px;padding-top:1rem;padding-right:var(--wp--preset--spacing--40);padding-bottom:1rem;padding-left:var(--wp--preset--spacing--40);box-shadow:var(--wp--preset--shadow--natural);flex-basis:100%\">\n<p style=\"margin-top:0px;margin-bottom:0px;padding-top:0px;padding-bottom:0px\"><strong><strong><strong><strong>Kosteng\u00fcnstig und wiederverwendbar<\/strong><\/strong><\/strong><\/strong><\/p>\n\n\n\n<p style=\"margin-top:0px;margin-bottom:0px;padding-top:0px;padding-bottom:0px\">Amloxx passt in alle weltweiten Standard-ISO-Container mit 100 x 50 mm gro\u00dfen inneren T\u00fcrbalken und kann ohne zus\u00e4tzliche Kosten einfach zwischen verschiedenen Containern hin- und hergeschoben werden, was ihn zu einer kosteneffektiven L\u00f6sung macht.<\/p>\n<\/div>\n<\/div>\n<\/div>\n\n\n\n<h3 class=\"wp-block-heading\" style=\"margin-top:2rem;margin-bottom:0;padding-top:0;padding-right:1rem;padding-bottom:0;padding-left:1rem;font-size:24px;font-style:normal;font-weight:400;letter-spacing:1px;line-height:1.5\">Vorteile des Programms<\/h3>\n\n\n\n<div class=\"wp-block-columns is-layout-flex wp-container-core-columns-is-layout-28f84493 wp-block-columns-is-layout-flex\">\n<div class=\"wp-block-column has-ast-global-color-4-background-color has-background is-layout-flow wp-container-core-column-is-layout-651ad987 wp-block-column-is-layout-flow\" style=\"border-style:none;border-width:0px;border-radius:10px;padding-top:1rem;padding-right:var(--wp--preset--spacing--40);padding-bottom:1rem;padding-left:var(--wp--preset--spacing--40);box-shadow:var(--wp--preset--shadow--natural);flex-basis:100%\">\n<p style=\"margin-top:0px;margin-bottom:0px;padding-top:0px;padding-bottom:0px\"><strong><strong>\u00dcberlegene Sicherheit<\/strong><\/strong><\/p>\n\n\n\n<p style=\"margin-top:0px;margin-bottom:0px;padding-top:0px;padding-bottom:0px\">Amloxx ist vom Vds in Deutschland gepr\u00fcft und zugelassen, was garantiert, dass das Schloss die strengsten Sicherheitsanforderungen erf\u00fcllt. Das Schloss ist f\u00fcr und mit Vorh\u00e4ngeschl\u00f6ssern der entsprechenden Schutzklasse ex, Anchor 830-3 B28 oder Abloy PL 340 ausgelegt.<\/p>\n<\/div>\n<\/div>\n\n\n\n<div class=\"wp-block-columns is-layout-flex wp-container-core-columns-is-layout-28f84493 wp-block-columns-is-layout-flex\">\n<div class=\"wp-block-column has-ast-global-color-4-background-color has-background is-layout-flow wp-container-core-column-is-layout-651ad987 wp-block-column-is-layout-flow\" style=\"border-style:none;border-width:0px;border-radius:10px;padding-top:1rem;padding-right:var(--wp--preset--spacing--40);padding-bottom:1rem;padding-left:var(--wp--preset--spacing--40);box-shadow:var(--wp--preset--shadow--natural);flex-basis:100%\">\n<p style=\"margin-top:0px;margin-bottom:0px;padding-top:0px;padding-bottom:0px\"><strong><strong>Flexible und agile Verwaltung<\/strong><\/strong><\/p>\n\n\n\n<p style=\"margin-top:0px;margin-bottom:0px;padding-top:0px;padding-bottom:0px\">Amloxx ist so einfach anzulegen wie auszuziehen &#8211; in weniger als einer Minute. Das intelligente Design erm\u00f6glicht es einer Person, das Schloss ohne zus\u00e4tzliche Hilfe zu bedienen, und das Schloss kann auch angebracht werden, wenn der Beh\u00e4lter gekippt ist.<\/p>\n<\/div>\n<\/div>\n\n\n\n<div class=\"wp-block-columns is-layout-flex wp-container-core-columns-is-layout-28f84493 wp-block-columns-is-layout-flex\">\n<div class=\"wp-block-column has-ast-global-color-4-background-color has-background is-layout-flow wp-container-core-column-is-layout-651ad987 wp-block-column-is-layout-flow\" style=\"border-style:none;border-width:0px;border-radius:10px;padding-top:1rem;padding-right:var(--wp--preset--spacing--40);padding-bottom:1rem;padding-left:var(--wp--preset--spacing--40);box-shadow:var(--wp--preset--shadow--natural);flex-basis:100%\">\n<p style=\"margin-top:0px;margin-bottom:0px;padding-top:0px;padding-bottom:0px\"><strong><strong>Sicher in allen Umgebungen<\/strong><\/strong><\/p>\n\n\n\n<p style=\"margin-top:0px;margin-bottom:0px;padding-top:0px;padding-bottom:0px\">Amloxx ist ideal f\u00fcr den Schutz von Waren und G\u00fctern beim Transport und bei der station\u00e4ren Lagerung. Das Schloss bietet Sicherheit unter allen Bedingungen, sei es beim Transport \u00fcber lange Strecken oder bei der sicheren Aufbewahrung vor Ort.<\/p>\n<\/div>\n<\/div>\n\n\n\n<p style=\"margin-top:2rem;margin-bottom:2rem;padding-right:1rem;padding-left:1rem;font-size:18px;font-style:normal;font-weight:400;letter-spacing:1px;line-height:1.4\">Das Amloxx Containerschloss ist eine einzigartige, patentierte schwedische Innovation, die entwickelt wurde, um ein H\u00f6chstma\u00df an Sicherheit bei einfacher Handhabung zu bieten. Ob Sie nun Waren transportieren oder den Container als Lager nutzen, Amloxx ist eine der sichersten, kosteng\u00fcnstigsten und benutzerfreundlichsten L\u00f6sungen auf dem Markt.<\/p>\n<\/div><\/div>\n\n<p><\/p>\n","protected":false},"excerpt":{"rendered":"<p>Montageanleitung Amloxx ist ein patentiertes Containerschloss, das den bestm\u00f6glichen Einbruchsschutz f\u00fcr Ihre Container bietet, ganz gleich, ob sie auf der [&hellip;]<\/p>\n","protected":false},"author":3,"featured_media":0,"parent":0,"menu_order":0,"comment_status":"closed","ping_status":"closed","template":"","meta":{"_uag_custom_page_level_css":"","site-sidebar-layout":"default","site-content-layout":"","ast-site-content-layout":"default","site-content-style":"default","site-sidebar-style":"default","ast-global-header-display":"","ast-banner-title-visibility":"","ast-main-header-display":"","ast-hfb-above-header-display":"","ast-hfb-below-header-display":"","ast-hfb-mobile-header-display":"","site-post-title":"","ast-breadcrumbs-content":"","ast-featured-img":"","footer-sml-layout":"","ast-disable-related-posts":"","theme-transparent-header-meta":"","adv-header-id-meta":"","stick-header-meta":"","header-above-stick-meta":"","header-main-stick-meta":"","header-below-stick-meta":"","astra-migrate-meta-layouts":"default","ast-page-background-enabled":"default","ast-page-background-meta":{"desktop":{"background-color":"var(--ast-global-color-4)","background-image":"","background-repeat":"repeat","background-position":"center center","background-size":"auto","background-attachment":"scroll","background-type":"","background-media":"","overlay-type":"","overlay-color":"","overlay-opacity":"","overlay-gradient":""},"tablet":{"background-color":"","background-image":"","background-repeat":"repeat","background-position":"center center","background-size":"auto","background-attachment":"scroll","background-type":"","background-media":"","overlay-type":"","overlay-color":"","overlay-opacity":"","overlay-gradient":""},"mobile":{"background-color":"","background-image":"","background-repeat":"repeat","background-position":"center center","background-size":"auto","background-attachment":"scroll","background-type":"","background-media":"","overlay-type":"","overlay-color":"","overlay-opacity":"","overlay-gradient":""}},"ast-content-background-meta":{"desktop":{"background-color":"var(--ast-global-color-5)","background-image":"","background-repeat":"repeat","background-position":"center center","background-size":"auto","background-attachment":"scroll","background-type":"","background-media":"","overlay-type":"","overlay-color":"","overlay-opacity":"","overlay-gradient":""},"tablet":{"background-color":"var(--ast-global-color-5)","background-image":"","background-repeat":"repeat","background-position":"center center","background-size":"auto","background-attachment":"scroll","background-type":"","background-media":"","overlay-type":"","overlay-color":"","overlay-opacity":"","overlay-gradient":""},"mobile":{"background-color":"var(--ast-global-color-5)","background-image":"","background-repeat":"repeat","background-position":"center center","background-size":"auto","background-attachment":"scroll","background-type":"","background-media":"","overlay-type":"","overlay-color":"","overlay-opacity":"","overlay-gradient":""}},"footnotes":""},"class_list":["post-1916","page","type-page","status-publish","hentry"],"aioseo_notices":[],"spectra_custom_meta":{"_wpml_media_duplicate":["1"],"_wpml_media_featured":["1"],"_aioseo_description":["Amloxx ist ein patentiertes Containerschloss, das den bestm\u00f6glichen Einbruchsschutz f\u00fcr Ihre Container bietet, egal ob sie auf der Stra\u00dfe, an Land oder auf See stehen."],"_last_translation_edit_mode":["translation-editor"],"_wpml_word_count":["520"],"_uag_css_file_name":["uag-css-1916.css"],"_uag_page_assets":["a:9:{s:3:\"css\";s:2433:\".wp-block-uagb-container.uagb-block-7626f634 .uagb-container__shape-top svg{width: calc( 100% + 1.3px );}.wp-block-uagb-container.uagb-block-7626f634 .uagb-container__shape.uagb-container__shape-top .uagb-container__shape-fill{fill: rgba(51,51,51,1);}.wp-block-uagb-container.uagb-block-7626f634 .uagb-container__shape-bottom svg{width: calc( 100% + 1.3px );}.wp-block-uagb-container.uagb-block-7626f634 .uagb-container__shape.uagb-container__shape-bottom .uagb-container__shape-fill{fill: rgba(51,51,51,1);}.wp-block-uagb-container.uagb-block-7626f634 .uagb-container__video-wrap video{opacity: 1;}.wp-block-uagb-container.uagb-is-root-container .uagb-block-7626f634{max-width: 100%;width: 100%;}.wp-block-uagb-container.uagb-is-root-container.alignfull.uagb-block-7626f634 > .uagb-container-inner-blocks-wrap{--inner-content-custom-width: min( 100%, 1200px);max-width: var(--inner-content-custom-width);width: 100%;flex-direction: column;align-items: center;justify-content: center;flex-wrap: nowrap;row-gap: 20px;column-gap: 20px;}.wp-block-uagb-container.uagb-block-7626f634{box-shadow: 0px 0px   #00000070 ;padding-top: 10px;padding-bottom: 10px;padding-left: 10px;padding-right: 10px;margin-top:  !important;margin-bottom:  !important;overflow: visible;order: initial;border-color: inherit;row-gap: 20px;column-gap: 20px;}@media only screen and (max-width: 976px) {.wp-block-uagb-container.uagb-is-root-container .uagb-block-7626f634{width: 100%;}.wp-block-uagb-container.uagb-is-root-container.alignfull.uagb-block-7626f634 > .uagb-container-inner-blocks-wrap{--inner-content-custom-width: min( 100%, 1024px);max-width: var(--inner-content-custom-width);width: 100%;}.wp-block-uagb-container.uagb-block-7626f634{padding-top: 10px;padding-bottom: 10px;padding-left: 10px;padding-right: 10px;margin-top:  !important;margin-bottom:  !important;order: initial;}}@media only screen and (max-width: 767px) {.wp-block-uagb-container.uagb-is-root-container .uagb-block-7626f634{max-width: 100%;width: 100%;}.wp-block-uagb-container.uagb-is-root-container.alignfull.uagb-block-7626f634 > .uagb-container-inner-blocks-wrap{--inner-content-custom-width: min( 100%, 767px);max-width: var(--inner-content-custom-width);width: 100%;flex-wrap: wrap;}.wp-block-uagb-container.uagb-block-7626f634{padding-top: 10px;padding-bottom: 10px;padding-left: 10px;padding-right: 10px;margin-top:  !important;margin-bottom:  !important;order: initial;}}\";s:2:\"js\";s:0:\"\";s:18:\"current_block_list\";a:14:{i:0;s:14:\"uagb\/container\";i:1;s:10:\"core\/cover\";i:2;s:12:\"core\/heading\";i:3;s:12:\"core\/columns\";i:4;s:11:\"core\/column\";i:5;s:10:\"core\/group\";i:6;s:14:\"core\/paragraph\";i:7;s:11:\"core\/search\";i:8;s:17:\"core\/latest-posts\";i:9;s:20:\"core\/latest-comments\";i:10;s:13:\"core\/archives\";i:11;s:15:\"core\/categories\";i:12;s:9:\"core\/list\";i:13;s:14:\"core\/list-item\";}s:8:\"uag_flag\";b:1;s:11:\"uag_version\";s:10:\"1776563545\";s:6:\"gfonts\";a:0:{}s:10:\"gfonts_url\";s:0:\"\";s:12:\"gfonts_files\";a:0:{}s:14:\"uag_faq_layout\";b:0;}"]},"uagb_featured_image_src":{"full":false,"thumbnail":false,"medium":false,"medium_large":false,"large":false,"1536x1536":false,"2048x2048":false,"woocommerce_thumbnail":false,"woocommerce_single":false,"woocommerce_gallery_thumbnail":false},"uagb_author_info":{"display_name":"Alex","author_link":"https:\/\/sweloxx.com\/de\/author\/alex\/"},"uagb_comment_info":0,"uagb_excerpt":"Montageanleitung Amloxx ist ein patentiertes Containerschloss, das den bestm\u00f6glichen Einbruchsschutz f\u00fcr Ihre Container bietet, ganz gleich, ob sie auf der [&hellip;]","_links":{"self":[{"href":"https:\/\/sweloxx.com\/de\/wp-json\/wp\/v2\/pages\/1916","targetHints":{"allow":["GET"]}}],"collection":[{"href":"https:\/\/sweloxx.com\/de\/wp-json\/wp\/v2\/pages"}],"about":[{"href":"https:\/\/sweloxx.com\/de\/wp-json\/wp\/v2\/types\/page"}],"author":[{"embeddable":true,"href":"https:\/\/sweloxx.com\/de\/wp-json\/wp\/v2\/users\/3"}],"replies":[{"embeddable":true,"href":"https:\/\/sweloxx.com\/de\/wp-json\/wp\/v2\/comments?post=1916"}],"version-history":[{"count":2,"href":"https:\/\/sweloxx.com\/de\/wp-json\/wp\/v2\/pages\/1916\/revisions"}],"predecessor-version":[{"id":1934,"href":"https:\/\/sweloxx.com\/de\/wp-json\/wp\/v2\/pages\/1916\/revisions\/1934"}],"wp:attachment":[{"href":"https:\/\/sweloxx.com\/de\/wp-json\/wp\/v2\/media?parent=1916"}],"curies":[{"name":"wp","href":"https:\/\/api.w.org\/{rel}","templated":true}]}}