{"id":1942,"date":"2025-06-02T09:45:38","date_gmt":"2025-06-02T08:45:38","guid":{"rendered":"https:\/\/sweloxx.com\/product\/anchor-vorhaengeschloss-880-4-b27-l-ll\/"},"modified":"2025-06-02T09:45:38","modified_gmt":"2025-06-02T08:45:38","slug":"anchor-vorhaengeschloss-880-4-b27-l-ll","status":"publish","type":"product","link":"https:\/\/sweloxx.com\/de\/produkt\/anchor-vorhaengeschloss-880-4-b27-l-ll\/","title":{"rendered":"ANCHOR-VORH\u00c4NGESCHLOSS 880-4 B27 L LL"},"content":{"rendered":"<p><strong>Anker-Vorh\u00e4ngeschloss 880-4 mit abnehmbarem B\u00fcgel &#8211; F\u00fcr maximale Sicherheit und Zuverl\u00e4ssigkeit<\/strong><\/p>\n<p><strong>Mit gleichschlie\u00dfendem und abnehmbarem B\u00fcgel.<\/strong><\/p>\n<p><strong>Gleiche Schlie\u00dfung<\/strong>: Wenn Sie mehrere Schl\u00f6sser bestellen m\u00f6chten, die mit demselben Schl\u00fcssel ge\u00f6ffnet werden k\u00f6nnen.<\/p>\n<p>&nbsp;<\/p>\n<p><strong>Merkmale und Vorteile<\/strong><\/p>\n<p><strong>1. Konstruktion aus geh\u00e4rtetem Stahl:<\/strong><\/p>\n<ul>\n<li>Das Geh\u00e4use und der B\u00fcgel sind aus speziell behandeltem, geh\u00e4rtetem Stahl gefertigt, der Angriffen wie S\u00e4gen, Bohren und Biegen widersteht.<\/li>\n<li>Sch\u00fctzt effektiv vor mechanischen und physikalischen Belastungen.<\/li>\n<\/ul>\n<p><strong>2. Hohe Sicherheitsklasse:<\/strong><\/p>\n<ul>\n<li>Erf\u00fcllt die Anforderungen der Sicherheitsklasse 4 nach SSF 014 ed 3. und der Klasse 5 nach EN 12320:2012 und ist damit ideal f\u00fcr risikoreiche Umgebungen, in denen maximaler Schutz erforderlich ist. <\/li>\n<li>Von Versicherungsgesellschaften f\u00fcr die Verwendung an Toren, Lagerr\u00e4umen, Containern und \u00e4hnlichem empfohlen.<\/li>\n<\/ul>\n<p><strong>3. fortschrittlicher Verriegelungsmechanismus:<\/strong><\/p>\n<ul>\n<li>Ausgestattet mit einem hochwertigen Zylinder, der vor Anbau und Manipulation sch\u00fctzt.<\/li>\n<li>Der Schl\u00fcssel kann nur abgezogen werden, wenn das Schloss verschlossen ist, was das Risiko verringert, dass es versehentlich offen gelassen wird.<\/li>\n<\/ul>\n<p><strong>4. Korrosionsschutz:<\/strong><\/p>\n<ul>\n<li>Entwickelt, um rauen Witterungsbedingungen, einschlie\u00dflich Feuchtigkeit und extremen Temperaturen, zu widerstehen, ist es ideal f\u00fcr den Einsatz im Innen- und Au\u00dfenbereich.<\/li>\n<\/ul>\n<p><strong>5. Flexibilit\u00e4t bei der Nutzung:<\/strong><\/p>\n<ul>\n<li>Geeignet f\u00fcr die Sicherung von privaten bis hin zu kommerziellen Anwendungen, wie z.B. Lagerhallen, Containern und Toren.<\/li>\n<li>Kompatibel mit einer breiten Palette von Schlie\u00dfketten und Bolzenverschl\u00fcssen f\u00fcr zus\u00e4tzliche Sicherheit.<\/li>\n<li>Der abnehmbare B\u00fcgel erleichtert das Anbringen und \u00d6ffnen des Schlosses.<\/li>\n<\/ul>\n<p><strong>6. Ankerscheiben-Schloss-System:<\/strong><\/p>\n<ul>\n<li>ANCHOR Scheibenschlie\u00dfzylinder, 9 Schlie\u00dfscheiben, 1,5 Millionen verschiedene Schlie\u00dfkombinationen.<\/li>\n<li>Der Schlie\u00dfzylinder hat keine federbelasteten Sperrelemente.<\/li>\n<li>Eine Konstruktion, die den Schlie\u00dfzylinder resistent gegen Schmutz, Feuchtigkeit, Korrosion und Vereisung macht.<\/li>\n<li>Maximaler Widerstand gegen Picking und Manipulation des Schlie\u00dfzylinders.<\/li>\n<li>Der Schlie\u00dfzylinder bietet gro\u00dfe M\u00f6glichkeiten in Bezug auf Schlie\u00dfanlagen.<\/li>\n<li>ANCHOR Vorh\u00e4ngeschl\u00f6sser und Schrankschl\u00f6sser k\u00f6nnen miteinander kombiniert werden, so dass ein einziger Schl\u00fcssel alle Schl\u00f6sser \u00f6ffnen kann.<\/li>\n<li>Der extra starke Schl\u00fcssel, 3 mm dick, ist aus Neusilber gefertigt.<\/li>\n<\/ul>\n<p><strong>7. Anpassungsf\u00e4higkeit:  <\/strong><\/p>\n<ul>\n<li>Erh\u00e4ltlich in verschiedenen Schl\u00fcsselvarianten (gleichschlie\u00dfend, unterschiedlich schlie\u00dfend oder mit Hauptschl\u00fcssel), um spezifische Bed\u00fcrfnisse und Sicherheitsl\u00f6sungen zu erf\u00fcllen.<\/li>\n<\/ul>\n<p><strong>Technische Daten:<\/strong><\/p>\n<ul>\n<li><strong>Material: <\/strong>Geh\u00e4rteter Stahl<\/li>\n<li><strong>Sicherheitsklasse: <\/strong>Klasse 4 gem\u00e4\u00df SSF 014 ed 3. und Klasse 5 gem\u00e4\u00df EN 12320:2012 <\/li>\n<li><strong>Gewicht: <\/strong>1 kg<\/li>\n<\/ul>\n<p><strong>Warum sollten Sie sich f\u00fcr das Anchor 880-4 Vorh\u00e4ngeschloss entscheiden?<\/strong><\/p>\n<p>Anchor ist eine anerkannte Marke im Bereich Sicherheit und liefert Produkte, die innovative Technologie mit unschlagbarer Qualit\u00e4t kombinieren. Mit dem Anchor 880-4 Vorh\u00e4ngeschloss erhalten Sie eine zuverl\u00e4ssige L\u00f6sung, die die Sicherheitsstandards der Industrie \u00fcbertrifft. <\/p>\n<p><strong>Gehen Sie keine Kompromisse bei der Sicherheit ein &#8211; w\u00e4hlen Sie das Anchor 880-4 Vorh\u00e4ngeschloss f\u00fcr Sicherheit und Seelenfrieden!<\/strong><\/p>\n","protected":false},"excerpt":{"rendered":"<p>Das Anchor 880-4 Vorh\u00e4ngeschloss ist die ultimative Wahl f\u00fcr alle, die ein robustes und hochwertiges Vorh\u00e4ngeschloss zum Schutz von wertvollem Eigentum suchen. Dieses in Schweden hergestellte Vorh\u00e4ngeschloss kombiniert fortschrittliche Technologie mit hochwertigen Materialien, um au\u00dfergew\u00f6hnliche Sicherheit und Haltbarkeit zu gew\u00e4hrleisten. <\/p>\n","protected":false},"featured_media":1940,"template":"","meta":{"_uag_custom_page_level_css":"","site-sidebar-layout":"default","site-content-layout":"","ast-site-content-layout":"default","site-content-style":"default","site-sidebar-style":"default","ast-global-header-display":"","ast-banner-title-visibility":"","ast-main-header-display":"","ast-hfb-above-header-display":"","ast-hfb-below-header-display":"","ast-hfb-mobile-header-display":"","site-post-title":"","ast-breadcrumbs-content":"","ast-featured-img":"","footer-sml-layout":"","ast-disable-related-posts":"","theme-transparent-header-meta":"default","adv-header-id-meta":"","stick-header-meta":"default","header-above-stick-meta":"","header-main-stick-meta":"","header-below-stick-meta":"","astra-migrate-meta-layouts":"default","ast-page-background-enabled":"default","ast-page-background-meta":{"desktop":{"background-color":"var(--ast-global-color-4)","background-image":"","background-repeat":"repeat","background-position":"center center","background-size":"auto","background-attachment":"scroll","background-type":"","background-media":"","overlay-type":"","overlay-color":"","overlay-opacity":"","overlay-gradient":""},"tablet":{"background-color":"","background-image":"","background-repeat":"repeat","background-position":"center center","background-size":"auto","background-attachment":"scroll","background-type":"","background-media":"","overlay-type":"","overlay-color":"","overlay-opacity":"","overlay-gradient":""},"mobile":{"background-color":"","background-image":"","background-repeat":"repeat","background-position":"center center","background-size":"auto","background-attachment":"scroll","background-type":"","background-media":"","overlay-type":"","overlay-color":"","overlay-opacity":"","overlay-gradient":""}},"ast-content-background-meta":{"desktop":{"background-color":"var(--ast-global-color-5)","background-image":"","background-repeat":"repeat","background-position":"center center","background-size":"auto","background-attachment":"scroll","background-type":"","background-media":"","overlay-type":"","overlay-color":"","overlay-opacity":"","overlay-gradient":""},"tablet":{"background-color":"var(--ast-global-color-5)","background-image":"","background-repeat":"repeat","background-position":"center center","background-size":"auto","background-attachment":"scroll","background-type":"","background-media":"","overlay-type":"","overlay-color":"","overlay-opacity":"","overlay-gradient":""},"mobile":{"background-color":"var(--ast-global-color-5)","background-image":"","background-repeat":"repeat","background-position":"center center","background-size":"auto","background-attachment":"scroll","background-type":"","background-media":"","overlay-type":"","overlay-color":"","overlay-opacity":"","overlay-gradient":""}}},"product_brand":[],"product_cat":[83],"product_tag":[],"class_list":{"0":"post-1942","1":"product","2":"type-product","3":"status-publish","4":"has-post-thumbnail","6":"product_cat-vorhangeschlosser","7":"desktop-align-left","8":"tablet-align-left","9":"mobile-align-left","10":"ast-product-gallery-layout-horizontal-slider","11":"ast-product-gallery-with-no-image","12":"ast-product-tabs-layout-distributed","14":"first","15":"instock","16":"taxable","17":"shipping-taxable","18":"purchasable","19":"product-type-simple"},"aioseo_notices":[],"spectra_custom_meta":{"_backorders":["no"],"_download_limit":["-1"],"_download_expiry":["-1"],"_downloadable":["no"],"_manage_stock":["no"],"_sku":["2288310"],"_stock_status":["instock"],"_sold_individually":["no"],"_tax_class":[""],"_tax_status":["taxable"],"_virtual":["no"],"total_sales":["0"],"_regular_price":["1335"],"_price":["1335"],"_wpml_media_duplicate":["1"],"_wpml_media_featured":["1"],"stick-header-meta":["default"],"site-sidebar-layout":["default"],"theme-transparent-header-meta":["default"],"ast-site-content-layout":["default"],"site-content-style":["default"],"site-sidebar-style":["default"],"_thumbnail_id":["1940"],"_last_translation_edit_mode":["translation-editor"],"_wpml_word_count":["626"],"_wcml_average_rating":[null],"_wcml_review_count":[null],"_wcml_rating_count":[null],"_edit_lock":["1768393836:15"],"_product_image_gallery":[""],"_product_attributes":["a:8:{s:12:\"pa_klassning\";a:6:{s:4:\"name\";s:12:\"pa_klassning\";s:5:\"value\";s:0:\"\";s:8:\"position\";i:0;s:10:\"is_visible\";i:1;s:12:\"is_variation\";i:0;s:11:\"is_taxonomy\";i:1;}s:14:\"pa_cylindertyp\";a:6:{s:4:\"name\";s:14:\"pa_cylindertyp\";s:5:\"value\";s:0:\"\";s:8:\"position\";i:1;s:10:\"is_visible\";i:1;s:12:\"is_variation\";i:0;s:11:\"is_taxonomy\";i:1;}s:16:\"pa_bygeldiameter\";a:6:{s:4:\"name\";s:16:\"pa_bygeldiameter\";s:5:\"value\";s:0:\"\";s:8:\"position\";i:2;s:10:\"is_visible\";i:1;s:12:\"is_variation\";i:0;s:11:\"is_taxonomy\";i:1;}s:12:\"pa_bygelhojd\";a:6:{s:4:\"name\";s:12:\"pa_bygelhojd\";s:5:\"value\";s:0:\"\";s:8:\"position\";i:3;s:10:\"is_visible\";i:1;s:12:\"is_variation\";i:0;s:11:\"is_taxonomy\";i:1;}s:13:\"pa_bygelbredd\";a:6:{s:4:\"name\";s:13:\"pa_bygelbredd\";s:5:\"value\";s:0:\"\";s:8:\"position\";i:4;s:10:\"is_visible\";i:1;s:12:\"is_variation\";i:0;s:11:\"is_taxonomy\";i:1;}s:12:\"pa_kistbredd\";a:6:{s:4:\"name\";s:12:\"pa_kistbredd\";s:5:\"value\";s:0:\"\";s:8:\"position\";i:5;s:10:\"is_visible\";i:1;s:12:\"is_variation\";i:0;s:11:\"is_taxonomy\";i:1;}s:15:\"pa_hanglaskropp\";a:6:{s:4:\"name\";s:15:\"pa_hanglaskropp\";s:5:\"value\";s:0:\"\";s:8:\"position\";i:6;s:10:\"is_visible\";i:1;s:12:\"is_variation\";i:0;s:11:\"is_taxonomy\";i:1;}s:8:\"pa_bygel\";a:6:{s:4:\"name\";s:8:\"pa_bygel\";s:5:\"value\";s:0:\"\";s:8:\"position\";i:7;s:10:\"is_visible\";i:1;s:12:\"is_variation\";i:0;s:11:\"is_taxonomy\";i:1;}}"],"_uag_css_file_name":["uag-css-1942.css"],"_uag_page_assets":["a:9:{s:3:\"css\";s:0:\"\";s:2:\"js\";s:0:\"\";s:18:\"current_block_list\";a:10:{i:0;s:11:\"core\/search\";i:1;s:10:\"core\/group\";i:2;s:12:\"core\/heading\";i:3;s:17:\"core\/latest-posts\";i:4;s:20:\"core\/latest-comments\";i:5;s:13:\"core\/archives\";i:6;s:15:\"core\/categories\";i:7;s:14:\"core\/paragraph\";i:8;s:9:\"core\/list\";i:9;s:14:\"core\/list-item\";}s:8:\"uag_flag\";b:0;s:11:\"uag_version\";s:10:\"1776283188\";s:6:\"gfonts\";a:0:{}s:10:\"gfonts_url\";s:0:\"\";s:12:\"gfonts_files\";a:0:{}s:14:\"uag_faq_layout\";b:0;}"],"_wc_rating_count":[""],"_wc_review_count":[""],"_wc_average_rating":[0]},"uagb_featured_image_src":{"full":["https:\/\/sweloxx.com\/wp-content\/uploads\/2025\/05\/66338a9b1b3af.png",1024,1024,false],"thumbnail":["https:\/\/sweloxx.com\/wp-content\/uploads\/2025\/05\/66338a9b1b3af-150x150.png",150,150,true],"medium":["https:\/\/sweloxx.com\/wp-content\/uploads\/2025\/05\/66338a9b1b3af-300x300.png",300,300,true],"medium_large":["https:\/\/sweloxx.com\/wp-content\/uploads\/2025\/05\/66338a9b1b3af-768x768.png",768,768,true],"large":["https:\/\/sweloxx.com\/wp-content\/uploads\/2025\/05\/66338a9b1b3af.png",1024,1024,false],"1536x1536":["https:\/\/sweloxx.com\/wp-content\/uploads\/2025\/05\/66338a9b1b3af.png",1024,1024,false],"2048x2048":["https:\/\/sweloxx.com\/wp-content\/uploads\/2025\/05\/66338a9b1b3af.png",1024,1024,false],"woocommerce_thumbnail":["https:\/\/sweloxx.com\/wp-content\/uploads\/2025\/05\/66338a9b1b3af-600x450.png",600,450,true],"woocommerce_single":["https:\/\/sweloxx.com\/wp-content\/uploads\/2025\/05\/66338a9b1b3af-900x900.png",900,900,true],"woocommerce_gallery_thumbnail":["https:\/\/sweloxx.com\/wp-content\/uploads\/2025\/05\/66338a9b1b3af-100x100.png",100,100,true]},"uagb_author_info":{"display_name":"Alex","author_link":"https:\/\/sweloxx.com\/de\/author\/"},"uagb_comment_info":0,"uagb_excerpt":"Das Anchor 880-4 Vorh\u00e4ngeschloss ist die ultimative Wahl f\u00fcr alle, die ein robustes und hochwertiges Vorh\u00e4ngeschloss zum Schutz von wertvollem Eigentum suchen. Dieses in Schweden hergestellte Vorh\u00e4ngeschloss kombiniert fortschrittliche Technologie mit hochwertigen Materialien, um au\u00dfergew\u00f6hnliche Sicherheit und Haltbarkeit zu gew\u00e4hrleisten.","_links":{"self":[{"href":"https:\/\/sweloxx.com\/de\/wp-json\/wp\/v2\/product\/1942","targetHints":{"allow":["GET"]}}],"collection":[{"href":"https:\/\/sweloxx.com\/de\/wp-json\/wp\/v2\/product"}],"about":[{"href":"https:\/\/sweloxx.com\/de\/wp-json\/wp\/v2\/types\/product"}],"wp:featuredmedia":[{"embeddable":true,"href":"https:\/\/sweloxx.com\/de\/wp-json\/wp\/v2\/media\/1940"}],"wp:attachment":[{"href":"https:\/\/sweloxx.com\/de\/wp-json\/wp\/v2\/media?parent=1942"}],"wp:term":[{"taxonomy":"product_brand","embeddable":true,"href":"https:\/\/sweloxx.com\/de\/wp-json\/wp\/v2\/product_brand?post=1942"},{"taxonomy":"product_cat","embeddable":true,"href":"https:\/\/sweloxx.com\/de\/wp-json\/wp\/v2\/product_cat?post=1942"},{"taxonomy":"product_tag","embeddable":true,"href":"https:\/\/sweloxx.com\/de\/wp-json\/wp\/v2\/product_tag?post=1942"}],"curies":[{"name":"wp","href":"https:\/\/api.w.org\/{rel}","templated":true}]}}